{"id":15226,"date":"2023-09-07T07:29:14","date_gmt":"2023-09-07T07:29:14","guid":{"rendered":"https:\/\/sahwp.oktolab.agency\/?page_id=15226"},"modified":"2025-09-26T08:21:49","modified_gmt":"2025-09-26T08:21:49","slug":"home-staging","status":"publish","type":"page","link":"https:\/\/styleathome.be\/fr\/home-staging\/","title":{"rendered":"Home Staging"},"content":{"rendered":"<section class='styleathome-block darkbg header has-breadcrumb'>\r\n\t<div class='container'>\r\n\t\t<div class='row'>\r\n\t\t\t<div class='offset-xl-1 col-xl-5 offset-lg-1 col-lg-6 col-md-7 col-12 order-md-1 order-2'>\r\n\t\t\t\t<div class='content'>\r\n\t\t\t\t\t<div class=\"breadcrumb\"><ol class=\"bread\" itemscope itemtype=\"https:\/\/schema.org\/BreadcrumbList\"><li class=\"crumb\" itemprop=\"itemListElement\" itemscope itemtype=\"https:\/\/schema.org\/ListItem\">\n                    <a itemprop=\"item\" href=\"https:\/\/styleathome.be\/fr\">\n                        <span itemprop=\"name\">Accueil<\/span>\n                    <\/a>\n                    <meta itemprop=\"position\" content=\"1\">\n                <\/li>|<li class=\"crumb\" itemprop=\"itemListElement\" itemscope itemtype=\"https:\/\/schema.org\/ListItem\">\n                    <a itemprop=\"item\" href=\"https:\/\/styleathome.be\/fr\/wp-json\/\">\n                        <span itemprop=\"name\">wp-json<\/span>\n                    <\/a>\n                    <meta itemprop=\"position\" content=\"2\">\n                <\/li>|<li class=\"crumb\" itemprop=\"itemListElement\" itemscope itemtype=\"https:\/\/schema.org\/ListItem\">\n                    <a itemprop=\"item\" href=\"https:\/\/styleathome.be\/fr\/wp-json\/wp\/v2\/pages\/\">\n                        <span itemprop=\"name\">pages<\/span>\n                    <\/a>\n                    <meta itemprop=\"position\" content=\"3\">\n                <\/li>|<li class=\"crumb\" itemprop=\"itemListElement\" itemscope itemtype=\"https:\/\/schema.org\/ListItem\">\n                    <a itemprop=\"item\" href=\"https:\/\/styleathome.be\/fr\/wp-json\/wp\/v2\/pages\/15226\/\">\n                        <span itemprop=\"name\">15226<\/span>\n                    <\/a>\n                    <meta itemprop=\"position\" content=\"4\">\n                <\/li><\/ol><\/div>\t\t\t\t\t<h1>Home Staging<\/h1>\n<h5>Vendez votre bien jusqu'\u00e0 6 fois plus vite gr\u00e2ce au home staging.<\/h5>\n<p data-pm-slice=\"1 1 []\">Nos stylistes immobili\u00e8res am\u00e9nagent votre bien pour la vente immobili\u00e8re.\nAvec du mobilier et de la d\u00e9coration temporaire, nous cr\u00e9ons l\u2019ambiance qui d\u00e9clenche l\u2019achat \u2013 car tout le monde le sait : c\u2019est l\u2019atmosph\u00e8re qui fait vendre.<\/p>\n<p><strong>Notre mission: We Style You Sell!&nbsp;<\/strong><\/p>\n<p><a class=\"smallBtn yellowBtn\" href=\"#wat-is-vastgoedstyling\" data-wplink-edit=\"true\">En savoir plus<\/a><\/p>\t\t\t\t\t\t\t\t\t\t\t<div class='inline-image image d-sm-block d-md-none order-1'>\r\n\t\t\t\t\t\t\t<img fetchpriority=\"high\" width=\"812\" height=\"457\" src=\"https:\/\/styleathome.be\/wp-content\/uploads\/2025\/08\/Temse_Scaldia-4-812x457.jpg\" class=\"attachment-header size-header\" alt=\"\" decoding=\"auto\" loading=\"eager\" srcset=\"https:\/\/styleathome.be\/wp-content\/uploads\/2025\/08\/Temse_Scaldia-4-812x457.jpg 812w, https:\/\/styleathome.be\/wp-content\/uploads\/2025\/08\/Temse_Scaldia-4-769x433.jpg 769w\" sizes=\"(max-width: 812px) 100vw, 812px\" \/>\t\t\t\t\t\t<\/div>\r\n\t\t\t\t\t\t\r\n\t\t\t\t<\/div>\r\n\t\t\t<\/div>\r\n\t\t\t<div class='col-xl-6 col-lg-5 col-md-5 col-12 d-none d-md-block order-md-2 order-1 image'>\r\n\t\t\t\t<div class='sidebar'>\r\n                    <div class=\"sidebar__inner\">\r\n\t\t\t\t\t\t<img fetchpriority=\"high\" width=\"812\" height=\"457\" src=\"https:\/\/styleathome.be\/wp-content\/uploads\/2025\/08\/Temse_Scaldia-4-812x457.jpg\" class=\"attachment-header size-header\" alt=\"\" decoding=\"auto\" loading=\"eager\" srcset=\"https:\/\/styleathome.be\/wp-content\/uploads\/2025\/08\/Temse_Scaldia-4-812x457.jpg 812w, https:\/\/styleathome.be\/wp-content\/uploads\/2025\/08\/Temse_Scaldia-4-769x433.jpg 769w\" sizes=\"(max-width: 812px) 100vw, 812px\" \/>\t\t\t\t\t<\/div>\r\n\t\t\t\t<\/div>\r\n\t\t\t<\/div>\r\n\r\n\t\t\t\t\t<\/div>\r\n\t<\/div>\r\n<\/section>\n\n<section class='styleathome-block lightbg text-text text'>\r\n\t<div class='container'>\r\n\t\t<div class='row'>\r\n\t\t\t<div class='offset-lg-1 col-lg-9 offset-md-0 col-md-12 col-sm-12 left'>\r\n\t\t\t\t<div class=\"elementor-element elementor-element-faca498 elementor-widget elementor-widget-heading\" data-id=\"faca498\" data-element_type=\"widget\" data-widget_type=\"heading.default\">\n<div class=\"elementor-widget-container\">\n<h2 class=\"elementor-heading-title elementor-size-default\" style=\"text-align: left\"><a id=\"wat-is-vastgoedstyling\"><\/a>Qu'est-ce que le home staging?<\/h2>\n<\/div>\n<\/div>\n<div class=\"elementor-element elementor-element-883a603 elementor-widget elementor-widget-text-editor\" data-id=\"883a603\" data-element_type=\"widget\" data-widget_type=\"text-editor.default\">\n<div class=\"elementor-widget-container\">\n<div class=\"elementor-text-editor elementor-clearfix\">\n<p style=\"text-align: left\">Le Home Staging consiste \u00e0 valoriser votre bien immobilier pour en tirer le meilleur prix lors de la vente.<\/p>\n<p style=\"text-align: left\">Les acheteurs se projettent facilement et se sentent imm\u00e9diatement chez eux. <strong>les acheteurs potentiels voient les possibilit\u00e9s, se sentent les bienvenus \u00e0 la maison.&nbsp;<\/strong><\/p>\n<p style=\"text-align: left\">En tant que stylistes immobili\u00e8res, nous savons ce qui influence la premi\u00e8re impression des acheteurs. Gr\u00e2ce \u00e0 notre formation sp\u00e9cialis\u00e9e et notre exp\u00e9rience, Style at Home cr\u00e9e un cadre optimal pour vendre.<\/p>\n<p style=\"text-align: left\"><span class=\"orange\"><strong>Notre objectif est clair : vendre votre bien au meilleur prix sur le march\u00e9 immobilier.<\/strong><\/span><\/p>\n<p style=\"text-align: left\">Pour cela, nous analysons l\u2019agencement, les lignes de circulation et les perspectives. Un placement intelligent du mobilier permet d\u2019agrandir visuellement les petites pi\u00e8ces et de rendre les grands espaces plus chaleureux et coh\u00e9rents.<\/p>\n<p style=\"text-align: left\">Par <a href=\"https:\/\/styleathome.be\/fr\/location-de-meubles\/\">location temporaire de mobilier<\/a> et des d\u00e9corations ou accessoires amusants <strong>Avec la location temporaire de mobilier et d\u2019accessoires tendance, votre bien est rapidement \u201cneutralis\u00e9\u201d \u00e0 moindre co\u00fbt. <\/strong>Nous veillons \u00e0 ce que votre maison plaise au plus grand nombre. M\u00eame si, en tant que propri\u00e9taire, vous souhaitez conserver votre <strong>vous souhaitez louer un appartement ou une maison<\/strong>Dans ce cas, faire appel \u00e0 un styliste immobilier est une bonne id\u00e9e. Gr\u00e2ce \u00e0 une mise en valeur intelligente, les agents immobiliers peuvent louer votre bien en un rien de temps.<\/p>\n<p style=\"text-align: left\">Lisez notre blog sur la <span class=\"orange\"><a href=\"https:\/\/www.styleathome.be\/nl\/blog\/verschil-home-staging-en-interieurstyling\/\">diff\u00e9rence entre le home staging et le stylisme d'int\u00e9rieur<\/a>.<\/span><\/p>\n<\/div>\n<\/div>\n<\/div>\t\t\t<\/div>\r\n\t\t<\/div>\r\n\t<\/div>\r\n<\/section>\n\n<section class='styleathome-block lightbg text-image inverted'>\r\n\t<div class='container'>\r\n\t\t<div class='row'>\r\n\t\t\t<div class='col-lg-3 offset-md-0 col-md-3 col-12 image order-0 order-md-1'>\r\n\t\t\t\t<img loading=\"lazy\" decoding=\"async\" width=\"436\" height=\"436\" src=\"https:\/\/styleathome.be\/wp-content\/uploads\/2023\/06\/5ce5531e7cbfef38d8934e5762989aab-full-436x436.png\" class=\"attachment-text size-text\" alt=\"\" srcset=\"https:\/\/styleathome.be\/wp-content\/uploads\/2023\/06\/5ce5531e7cbfef38d8934e5762989aab-full-436x436.png 436w, https:\/\/styleathome.be\/wp-content\/uploads\/2023\/06\/5ce5531e7cbfef38d8934e5762989aab-full-300x300.png 300w, https:\/\/styleathome.be\/wp-content\/uploads\/2023\/06\/5ce5531e7cbfef38d8934e5762989aab-full-100x100.png 100w, https:\/\/styleathome.be\/wp-content\/uploads\/2023\/06\/5ce5531e7cbfef38d8934e5762989aab-full-32x32.png 32w, https:\/\/styleathome.be\/wp-content\/uploads\/2023\/06\/5ce5531e7cbfef38d8934e5762989aab-full-150x150.png 150w, https:\/\/styleathome.be\/wp-content\/uploads\/2023\/06\/5ce5531e7cbfef38d8934e5762989aab-full-398x398.png 398w\" sizes=\"auto, (max-width: 436px) 100vw, 436px\" \/>\t\t\t<\/div>\r\n\t\t\t<div class='col-md-8 col-lg-6 col-12 order-1 text order-md-0 offset-lg-1'>\r\n\t\t\t\t<h3 class=\"elementor-heading-title elementor-size-default\">Vendre un bien \u00e0 un prix plus \u00e9lev\u00e9 gr\u00e2ce au home staging<\/h3>\n<p data-pm-slice=\"1 1 []\">La vente d'un bien immobilier est comparable \u00e0 la vente d'une voiture, d'une \u0153uvre d'art ou d'un v\u00eatement. Un ameublement \u00e9l\u00e9gant et une d\u00e9coration appropri\u00e9e font r\u00eaver l'acheteur qui souhaite vivre dans le bien que vous mettez en vente.&nbsp;<\/p>\n<p data-pm-slice=\"1 1 []\">Une enqu\u00eate men\u00e9e aupr\u00e8s de 300 agents immobiliers montre que le stylisme immobilier permet de vendre les maisons jusqu'\u00e0 6 fois plus vite et \u00e0 des prix de vente plus \u00e9lev\u00e9s. Les b\u00e9n\u00e9fices d'un investissement minime dans une bonne <a href=\"https:\/\/styleathome.be\/fr\/presentation-du-bien\/\">pr\u00e9sentation du bien<\/a> est claire.<\/p>\n<p data-pm-slice=\"1 1 []\">Le style immobilier cr\u00e9e une atmosph\u00e8re et une ambiance agr\u00e9able. Et tout le monde le sait : l'ambiance fait vendre !<\/p>\t\t\t<\/div>\r\n\r\n\t\t\t\t\t\t\t<div class='offset-lg-1 col-lg-9 offset-md-0 col-md-3 col-12 order-3'>\r\n\t\t\t\t\t<div class='line'><\/div>\r\n\t\t\t\t<\/div>\r\n\t\t\t\t\t<\/div>\r\n\t<\/div>\r\n<\/section>\n\n<section class='styleathome-block lightbg text-image default'>\r\n\t<div class='container'>\r\n\t\t<div class='row'>\r\n\t\t\t<div class='col-lg-3 offset-md-0 col-md-3 col-12 image order-0 offset-lg-1'>\r\n\t\t\t\t\t\t\t<\/div>\r\n\t\t\t<div class='col-md-8 col-lg-6 col-12 order-1 text'>\r\n\t\t\t\t\t\t\t<\/div>\r\n\r\n\t\t\t\t\t<\/div>\r\n\t<\/div>\r\n<\/section>\n\n<section class='styleathome-block lightbg text-image default'>\r\n\t<div class='container'>\r\n\t\t<div class='row'>\r\n\t\t\t<div class='col-lg-3 offset-md-0 col-md-3 col-12 image order-0 offset-lg-1'>\r\n\t\t\t\t<img loading=\"lazy\" decoding=\"async\" width=\"436\" height=\"436\" src=\"https:\/\/styleathome.be\/wp-content\/uploads\/2023\/10\/Vastgoedstyling-meubelverhuur-tijdelijke-inrichting-436x436.jpg\" class=\"attachment-text size-text\" alt=\"\" srcset=\"https:\/\/styleathome.be\/wp-content\/uploads\/2023\/10\/Vastgoedstyling-meubelverhuur-tijdelijke-inrichting-436x436.jpg 436w, https:\/\/styleathome.be\/wp-content\/uploads\/2023\/10\/Vastgoedstyling-meubelverhuur-tijdelijke-inrichting-300x300.jpg 300w, https:\/\/styleathome.be\/wp-content\/uploads\/2023\/10\/Vastgoedstyling-meubelverhuur-tijdelijke-inrichting-100x100.jpg 100w, https:\/\/styleathome.be\/wp-content\/uploads\/2023\/10\/Vastgoedstyling-meubelverhuur-tijdelijke-inrichting-150x150.jpg 150w, https:\/\/styleathome.be\/wp-content\/uploads\/2023\/10\/Vastgoedstyling-meubelverhuur-tijdelijke-inrichting-600x600.jpg 600w, https:\/\/styleathome.be\/wp-content\/uploads\/2023\/10\/Vastgoedstyling-meubelverhuur-tijdelijke-inrichting-674x674.jpg 674w, https:\/\/styleathome.be\/wp-content\/uploads\/2023\/10\/Vastgoedstyling-meubelverhuur-tijdelijke-inrichting-32x32.jpg 32w\" sizes=\"auto, (max-width: 436px) 100vw, 436px\" \/>\t\t\t<\/div>\r\n\t\t\t<div class='col-md-8 col-lg-6 col-12 order-1 text'>\r\n\t\t\t\t<h2>Que fait un styliste immobilier ?<\/h2>\n<ul class=\"orangelist\">\n<li>Utiliser le mobilier et les \u00e9l\u00e9ments pr\u00e9sents<\/li>\n<li>Am\u00e9nagement optimal des pi\u00e8ces, d\u00e9placement des meubles<\/li>\n<li>Suppression des \u00e9l\u00e9ments perturbateurs des ventes et des \u00e9l\u00e9ments superflus<\/li>\n<li>Mettre l'accent sur les \u00e9l\u00e9ments positifs de la r\u00e9sidence<\/li>\n<\/ul>\n<p>Tr\u00e8s souvent, nous devons repeindre, remplacer les rev\u00eatements de sol et les \u00e9clairages, effectuer des travaux d'entretien et de maintenance en retard.<\/p>\n<p>Toutes les chambres sont \u00e9galement \u00e9quip\u00e9es de <a href=\"https:\/\/styleathome.be\/fr\/location-de-meubles\/\">mobilier temporaire<\/a> et une d\u00e9coration d'ambiance.<\/p>\t\t\t<\/div>\r\n\r\n\t\t\t\t\t<\/div>\r\n\t<\/div>\r\n<\/section>\n\n<section class='styleathome-block lightbg text-text text'>\r\n\t<div class='container'>\r\n\t\t<div class='row'>\r\n\t\t\t<div class='offset-lg-1 col-lg-9 offset-md-0 col-md-12 col-sm-12 left'>\r\n\t\t\t\t<div class=\"elementor-element elementor-element-eb8608b elementor-widget elementor-widget-heading\" data-id=\"eb8608b\" data-element_type=\"widget\" data-widget_type=\"heading.default\">\n<div class=\"elementor-widget-container\">\n<h2 class=\"elementor-heading-title elementor-size-default\">Une belle d\u00e9coration temporaire avec des meubles en carton<\/h2>\n<\/div>\n<\/div>\n<div class=\"elementor-element elementor-element-69824ad elementor-widget elementor-widget-text-editor\" data-id=\"69824ad\" data-element_type=\"widget\" data-widget_type=\"text-editor.default\">\n<div class=\"elementor-widget-container\">\n<p data-pm-slice=\"1 1 []\">Avec la bonne configuration, vous pouvez faire de la <strong>mettre en valeur les points forts d'une maison ou d'un appartement<\/strong>. En effet, les acheteurs potentiels sont attentifs \u00e0 l'int\u00e9rieur d'un bien immobilier.<\/p>\n<p>En tant que vatgoedmakmakelaar, si vous voulez vous assurer qu'un appartement mod\u00e8le ou une maison t\u00e9moin attire l'attention, utilisez <a href=\"https:\/\/kartonnenmeubelen.be\/nl\/\" target=\"_blank\" rel=\"noopener nofollow\">meubles en carton<\/a>.<\/p>\n<p>Le pr\u00e9sent<strong> solution peu co\u00fbteuse<\/strong> fournit une <strong>int\u00e9rieur temporaire \u00e9l\u00e9gant<\/strong> et est tr\u00e8s facile \u00e0 mettre en place. 80% des acheteurs n'ont pas d'imagination et ne peuvent pas imaginer ce que cela peut \u00eatre. De plus en plus d'agents immobiliers choisissent des meubles en carton pour habiller un bien.<\/p>\n<p>Vous \u00eates styliste immobilier ? Alors vous savez (peut-\u00eatre depuis une formation) que l'utilisation de meubles en carton est l'une des meilleures fa\u00e7ons de d\u00e9corer une maison de mani\u00e8re \u00e9conomique pour en obtenir le meilleur prix sur le march\u00e9.<\/p>\n<p><a href=\"https:\/\/kartonnenmeubelen.be\/nl\/\" target=\"_blank\" rel=\"noopener nofollow\">Choisissez nos meubles en carton et vendez votre maison intelligemment.<\/a><\/p>\n<h2>Avantages du stylisme immobilier :<\/h2>\n<ul class=\"ticklist\">\n<li>Vendre jusqu'\u00e0 6 fois plus vite<\/li>\n<li>R\u00e9aliser jusqu'\u00e0 20% de valeur ajout\u00e9e<\/li>\n<li>S'adresser au public le plus large possible<\/li>\n<li>\n<div data-id=\"485db203\" data-element_type=\"widget\" data-widget_type=\"text-editor.default\">\n<div>Cr\u00e9er de la lumi\u00e8re, de la paix et de l'espace<\/div>\n<\/div>\n<\/li>\n<li>\n<div data-id=\"7b4e7ef\" data-element_type=\"widget\" data-widget_type=\"text-editor.default\">\n<div>La propri\u00e9t\u00e9 para\u00eet plus grande et plus pr\u00e9cieuse<\/div>\n<div>Cr\u00e9er une premi\u00e8re impression positive<\/div>\n<\/div>\n<\/li>\n<\/ul>\n<\/div>\n<\/div>\t\t\t<\/div>\r\n\t\t<\/div>\r\n\t<\/div>\r\n<\/section>","protected":false},"excerpt":{"rendered":"","protected":false},"author":7,"featured_media":0,"parent":0,"menu_order":0,"comment_status":"closed","ping_status":"closed","template":"page-templates\/page-blank.php","meta":{"_acf_changed":false,"footnotes":""},"class_list":["post-15226","page","type-page","status-publish","hentry"],"acf":[],"yoast_head":"<!-- This site is optimized with the Yoast SEO plugin v26.0 - https:\/\/yoast.com\/wordpress\/plugins\/seo\/ -->\n<title>Verkoop vastgoed tot 6 keer sneller met home staging - Style at home<\/title>\n<meta name=\"description\" content=\"Vastgoedstyling voor verkoop van immobili\u00ebn brengt sfeer met meubels en decoratie, en u weet: sfeer verkoopt. Onze vastgoedstylisten richten uw woning in voor verkoop.\" \/>\n<meta name=\"robots\" content=\"index, follow, max-snippet:-1, max-image-preview:large, max-video-preview:-1\" \/>\n<link rel=\"canonical\" href=\"https:\/\/styleathome.be\/fr\/home-staging\/\" \/>\n<meta property=\"og:locale\" content=\"fr_FR\" \/>\n<meta property=\"og:type\" content=\"article\" \/>\n<meta property=\"og:title\" content=\"Verkoop vastgoed tot 6 keer sneller met home staging - Style at home\" \/>\n<meta property=\"og:description\" content=\"Vastgoedstyling voor verkoop van immobili\u00ebn brengt sfeer met meubels en decoratie, en u weet: sfeer verkoopt. Onze vastgoedstylisten richten uw woning in voor verkoop.\" \/>\n<meta property=\"og:url\" content=\"https:\/\/styleathome.be\/fr\/home-staging\/\" \/>\n<meta property=\"og:site_name\" content=\"Style at home\" \/>\n<meta property=\"article:publisher\" content=\"https:\/\/www.facebook.com\/styleathome\/\" \/>\n<meta property=\"article:modified_time\" content=\"2025-09-26T08:21:49+00:00\" \/>\n<meta name=\"twitter:card\" content=\"summary_large_image\" \/>\n<meta name=\"twitter:site\" content=\"@StyleAtHomeBe\" \/>\n<script type=\"application\/ld+json\" class=\"yoast-schema-graph\">{\"@context\":\"https:\/\/schema.org\",\"@graph\":[{\"@type\":\"WebPage\",\"@id\":\"https:\/\/styleathome.be\/fr\/home-staging\/\",\"url\":\"https:\/\/styleathome.be\/fr\/home-staging\/\",\"name\":\"Verkoop vastgoed tot 6 keer sneller met home staging - Style at home\",\"isPartOf\":{\"@id\":\"https:\/\/styleathome.be\/fr\/#website\"},\"datePublished\":\"2023-09-07T07:29:14+00:00\",\"dateModified\":\"2025-09-26T08:21:49+00:00\",\"description\":\"Vastgoedstyling voor verkoop van immobili\u00ebn brengt sfeer met meubels en decoratie, en u weet: sfeer verkoopt. Onze vastgoedstylisten richten uw woning in voor verkoop.\",\"breadcrumb\":{\"@id\":\"https:\/\/styleathome.be\/fr\/home-staging\/#breadcrumb\"},\"inLanguage\":\"fr-BE\",\"potentialAction\":[{\"@type\":\"ReadAction\",\"target\":[\"https:\/\/styleathome.be\/fr\/home-staging\/\"]}]},{\"@type\":\"BreadcrumbList\",\"@id\":\"https:\/\/styleathome.be\/fr\/home-staging\/#breadcrumb\",\"itemListElement\":[{\"@type\":\"ListItem\",\"position\":1,\"name\":\"Home\",\"item\":\"https:\/\/styleathome.be\/\"},{\"@type\":\"ListItem\",\"position\":2,\"name\":\"Vastgoedstyling\"}]},{\"@type\":\"WebSite\",\"@id\":\"https:\/\/styleathome.be\/fr\/#website\",\"url\":\"https:\/\/styleathome.be\/fr\/\",\"name\":\"Style at home\",\"description\":\"#1 Home Staging Belgi\u00eb\",\"publisher\":{\"@id\":\"https:\/\/styleathome.be\/fr\/#organization\"},\"potentialAction\":[{\"@type\":\"SearchAction\",\"target\":{\"@type\":\"EntryPoint\",\"urlTemplate\":\"https:\/\/styleathome.be\/fr\/?s={search_term_string}\"},\"query-input\":{\"@type\":\"PropertyValueSpecification\",\"valueRequired\":true,\"valueName\":\"search_term_string\"}}],\"inLanguage\":\"fr-BE\"},{\"@type\":\"Organization\",\"@id\":\"https:\/\/styleathome.be\/fr\/#organization\",\"name\":\"Style at Home\",\"url\":\"https:\/\/styleathome.be\/fr\/\",\"logo\":{\"@type\":\"ImageObject\",\"inLanguage\":\"fr-BE\",\"@id\":\"https:\/\/styleathome.be\/fr\/#\/schema\/logo\/image\/\",\"url\":\"https:\/\/www.styleathome.be\/wp-content\/uploads\/2023\/06\/cropped-styleathome_BE.png\",\"contentUrl\":\"https:\/\/www.styleathome.be\/wp-content\/uploads\/2023\/06\/cropped-styleathome_BE.png\",\"width\":512,\"height\":512,\"caption\":\"Style at Home\"},\"image\":{\"@id\":\"https:\/\/styleathome.be\/fr\/#\/schema\/logo\/image\/\"},\"sameAs\":[\"https:\/\/www.facebook.com\/styleathome\/\",\"https:\/\/x.com\/StyleAtHomeBe\",\"https:\/\/www.pinterest.com\/styleathomeBE\/\",\"https:\/\/www.linkedin.com\/company\/style-home\/\",\"https:\/\/www.instagram.com\/styleathomebe\/\",\"https:\/\/www.youtube.com\/channel\/UCp0Lz7K09Jlk3j5WuwNV40Q\"]}]}<\/script>\n<!-- \/ Yoast SEO plugin. -->","yoast_head_json":{"title":"Vendre un bien immobilier jusqu'\u00e0 6 fois plus vite gr\u00e2ce au home staging - Style at home","description":"Le stylisme immobilier pour la vente de biens immobiliers apporte de l'ambiance gr\u00e2ce au mobilier et \u00e0 la d\u00e9coration, et vous le savez : l'ambiance fait vendre. Nos stylistes immobiliers d\u00e9corent votre bien pour la vente.","robots":{"index":"index","follow":"follow","max-snippet":"max-snippet:-1","max-image-preview":"max-image-preview:large","max-video-preview":"max-video-preview:-1"},"canonical":"https:\/\/styleathome.be\/fr\/home-staging\/","og_locale":"fr_FR","og_type":"article","og_title":"Verkoop vastgoed tot 6 keer sneller met home staging - Style at home","og_description":"Vastgoedstyling voor verkoop van immobili\u00ebn brengt sfeer met meubels en decoratie, en u weet: sfeer verkoopt. Onze vastgoedstylisten richten uw woning in voor verkoop.","og_url":"https:\/\/styleathome.be\/fr\/home-staging\/","og_site_name":"Style at home","article_publisher":"https:\/\/www.facebook.com\/styleathome\/","article_modified_time":"2025-09-26T08:21:49+00:00","twitter_card":"summary_large_image","twitter_site":"@StyleAtHomeBe","schema":{"@context":"https:\/\/schema.org","@graph":[{"@type":"WebPage","@id":"https:\/\/styleathome.be\/fr\/home-staging\/","url":"https:\/\/styleathome.be\/fr\/home-staging\/","name":"Vendre un bien immobilier jusqu'\u00e0 6 fois plus vite gr\u00e2ce au home staging - Style at home","isPartOf":{"@id":"https:\/\/styleathome.be\/fr\/#website"},"datePublished":"2023-09-07T07:29:14+00:00","dateModified":"2025-09-26T08:21:49+00:00","description":"Le stylisme immobilier pour la vente de biens immobiliers apporte de l'ambiance gr\u00e2ce au mobilier et \u00e0 la d\u00e9coration, et vous le savez : l'ambiance fait vendre. Nos stylistes immobiliers d\u00e9corent votre bien pour la vente.","breadcrumb":{"@id":"https:\/\/styleathome.be\/fr\/home-staging\/#breadcrumb"},"inLanguage":"fr-BE","potentialAction":[{"@type":"ReadAction","target":["https:\/\/styleathome.be\/fr\/home-staging\/"]}]},{"@type":"BreadcrumbList","@id":"https:\/\/styleathome.be\/fr\/home-staging\/#breadcrumb","itemListElement":[{"@type":"ListItem","position":1,"name":"Home","item":"https:\/\/styleathome.be\/"},{"@type":"ListItem","position":2,"name":"Vastgoedstyling"}]},{"@type":"WebSite","@id":"https:\/\/styleathome.be\/fr\/#website","url":"https:\/\/styleathome.be\/fr\/","name":"Le style \u00e0 la maison","description":"#1 Home Staging Belgique","publisher":{"@id":"https:\/\/styleathome.be\/fr\/#organization"},"potentialAction":[{"@type":"SearchAction","target":{"@type":"EntryPoint","urlTemplate":"https:\/\/styleathome.be\/fr\/?s={search_term_string}"},"query-input":{"@type":"PropertyValueSpecification","valueRequired":true,"valueName":"search_term_string"}}],"inLanguage":"fr-BE"},{"@type":"Organization","@id":"https:\/\/styleathome.be\/fr\/#organization","name":"Le style \u00e0 la maison","url":"https:\/\/styleathome.be\/fr\/","logo":{"@type":"ImageObject","inLanguage":"fr-BE","@id":"https:\/\/styleathome.be\/fr\/#\/schema\/logo\/image\/","url":"https:\/\/www.styleathome.be\/wp-content\/uploads\/2023\/06\/cropped-styleathome_BE.png","contentUrl":"https:\/\/www.styleathome.be\/wp-content\/uploads\/2023\/06\/cropped-styleathome_BE.png","width":512,"height":512,"caption":"Style at Home"},"image":{"@id":"https:\/\/styleathome.be\/fr\/#\/schema\/logo\/image\/"},"sameAs":["https:\/\/www.facebook.com\/styleathome\/","https:\/\/x.com\/StyleAtHomeBe","https:\/\/www.pinterest.com\/styleathomeBE\/","https:\/\/www.linkedin.com\/company\/style-home\/","https:\/\/www.instagram.com\/styleathomebe\/","https:\/\/www.youtube.com\/channel\/UCp0Lz7K09Jlk3j5WuwNV40Q"]}]}},"featured_image_src":null,"featured_image_src_square":null,"jetpack_sharing_enabled":true,"_links":{"self":[{"href":"https:\/\/styleathome.be\/fr\/wp-json\/wp\/v2\/pages\/15226","targetHints":{"allow":["GET"]}}],"collection":[{"href":"https:\/\/styleathome.be\/fr\/wp-json\/wp\/v2\/pages"}],"about":[{"href":"https:\/\/styleathome.be\/fr\/wp-json\/wp\/v2\/types\/page"}],"author":[{"embeddable":true,"href":"https:\/\/styleathome.be\/fr\/wp-json\/wp\/v2\/users\/7"}],"replies":[{"embeddable":true,"href":"https:\/\/styleathome.be\/fr\/wp-json\/wp\/v2\/comments?post=15226"}],"version-history":[{"count":35,"href":"https:\/\/styleathome.be\/fr\/wp-json\/wp\/v2\/pages\/15226\/revisions"}],"predecessor-version":[{"id":91654,"href":"https:\/\/styleathome.be\/fr\/wp-json\/wp\/v2\/pages\/15226\/revisions\/91654"}],"wp:attachment":[{"href":"https:\/\/styleathome.be\/fr\/wp-json\/wp\/v2\/media?parent=15226"}],"curies":[{"name":"wp","href":"https:\/\/api.w.org\/{rel}","templated":true}]}}